{"id":21693,"date":"2025-05-28T09:55:41","date_gmt":"2025-05-28T07:55:41","guid":{"rendered":"https:\/\/www.iberpapel.es\/en\/?page_id=21693"},"modified":"2025-05-28T10:01:05","modified_gmt":"2025-05-28T08:01:05","slug":"don-alvaro-de-ybarra-zubiria","status":"publish","type":"page","link":"https:\/\/www.iberpapel.es\/en\/board-of-directors\/don-alvaro-de-ybarra-zubiria\/","title":{"rendered":"DON \u00c1LVARO DE YBARRA ZUBIR\u00cdA"},"content":{"rendered":"<div class=\"wpb-content-wrapper\"><p>[vc_row css_animation=&#8221;&#8221; row_type=&#8221;row&#8221; use_row_as_full_screen_section=&#8221;no&#8221; type=&#8221;full_width&#8221; angled_section=&#8221;no&#8221; text_align=&#8221;left&#8221; background_image_as_pattern=&#8221;without_pattern&#8221;][vc_column][vc_column_text css=&#8221;&#8221;]<\/p>\n<h2>PERFIL BIOGR\u00c1FICO Y ACAD\u00c9MICO<\/h2>\n<ul>\n<li>Nacido 1954.<\/li>\n<li>Licenciado en Ciencias Econ\u00f3micas y empresariales por la Universidad del Pa\u00eds Vasco.<\/li>\n<\/ul>\n<h2>PERFIL PROFESIONAL<\/h2>\n<p>En la actualidad el Sr. Ybarra Zubir\u00eda ocupa los siguientes cargos en consejos de Administraci\u00f3n:<\/p>\n<ul>\n<li>Presidente ejecutivo de Onchena S.L.<\/li>\n<li>Presidente de Torre Bizkaia, S.A.<\/li>\n<li>Miembro del consejo de administraci\u00f3n de Vocento, S.A.<\/li>\n<li>Vocal de la comisi\u00f3n de estrategia y de la comisi\u00f3n de nombramientos y retribuciones de Grupo Vocento.<\/li>\n<li>Vicepresidente de la Fundaci\u00f3n ADEY.<\/li>\n<li>Miembro del consejo de administraci\u00f3n del Laboratorio Reig Jofre, S.A.<\/li>\n<li>Miembro del consejo de administraci\u00f3n de GAEA Inversi\u00f3n S.C.R., S.A.<\/li>\n<li>Miembro del consejo de administraci\u00f3n de Albatros Activos XXI-EAFI, S.L<\/li>\n<\/ul>\n<h2>TRAYECTORIA PROFESIONAL<\/h2>\n<ul>\n<li>Desde 2007 hasta 2023 fue Presidente y socio fundador de ALWAYS Sports Management.<\/li>\n<li>Entre 2004 y 2006 ocup\u00f3 la presidencia de ISOFOTON, S.A.<\/li>\n<li>Entre 1999 y 2007 presidi\u00f3 Bodegas Castillo de Cuzcurrita, S.L.<\/li>\n<li>Entre 1995 y 2007 desempe\u00f1\u00f3 el rol de Director General Financiero en GRUPO BERGE.<\/li>\n<li>Entre 1989 y 1995 fue Socio fundador y Consejero Delegado de COFIBER, entidad de financiaci\u00f3n, y desde 1995 hasta 2007 asumi\u00f3 el cargo de Presidente ejecutivo.<\/li>\n<li>Entre 1983 y 1989 ejerci\u00f3 como Socio Consultor en ASFIN Asesores Financieros en Madrid.<\/li>\n<li>Entre 1978 y 1983 estuvo en Sener Ingenier\u00eda y Sistemas como Adjunto al Director General de Planificaci\u00f3n en Bilbao.<\/li>\n<\/ul>\n<p>[\/vc_column_text][vc_empty_space height=&#8221;60px&#8221;][\/vc_column][\/vc_row]<\/p>\n<\/div>","protected":false},"excerpt":{"rendered":"<p>[vc_row css_animation=&#8221;&#8221; row_type=&#8221;row&#8221; use_row_as_full_screen_section=&#8221;no&#8221; type=&#8221;full_width&#8221; angled_section=&#8221;no&#8221; text_align=&#8221;left&#8221; background_image_as_pattern=&#8221;without_pattern&#8221;][vc_column][vc_column_text css=&#8221;&#8221;] PERFIL BIOGR\u00c1FICO Y ACAD\u00c9MICO Nacido 1954. Licenciado en Ciencias Econ\u00f3micas y empresariales por la Universidad del Pa\u00eds Vasco. PERFIL PROFESIONAL En la actualidad el Sr. Ybarra Zubir\u00eda ocupa los siguientes cargos en consejos de Administraci\u00f3n: Presidente&#8230;<\/p>\n","protected":false},"author":2,"featured_media":0,"parent":19471,"menu_order":0,"comment_status":"closed","ping_status":"closed","template":"","meta":{"footnotes":""},"class_list":["post-21693","page","type-page","status-publish","hentry"],"_links":{"self":[{"href":"https:\/\/www.iberpapel.es\/en\/wp-json\/wp\/v2\/pages\/21693","targetHints":{"allow":["GET"]}}],"collection":[{"href":"https:\/\/www.iberpapel.es\/en\/wp-json\/wp\/v2\/pages"}],"about":[{"href":"https:\/\/www.iberpapel.es\/en\/wp-json\/wp\/v2\/types\/page"}],"author":[{"embeddable":true,"href":"https:\/\/www.iberpapel.es\/en\/wp-json\/wp\/v2\/users\/2"}],"replies":[{"embeddable":true,"href":"https:\/\/www.iberpapel.es\/en\/wp-json\/wp\/v2\/comments?post=21693"}],"version-history":[{"count":0,"href":"https:\/\/www.iberpapel.es\/en\/wp-json\/wp\/v2\/pages\/21693\/revisions"}],"up":[{"embeddable":true,"href":"https:\/\/www.iberpapel.es\/en\/wp-json\/wp\/v2\/pages\/19471"}],"wp:attachment":[{"href":"https:\/\/www.iberpapel.es\/en\/wp-json\/wp\/v2\/media?parent=21693"}],"curies":[{"name":"wp","href":"https:\/\/api.w.org\/{rel}","templated":true}]}}