{"id":21292,"date":"2024-10-01T12:20:33","date_gmt":"2024-10-01T10:20:33","guid":{"rendered":"https:\/\/www.iberpapel.es\/en\/?page_id=21292"},"modified":"2025-04-25T12:03:03","modified_gmt":"2025-04-25T10:03:03","slug":"agatha-echevarria-canales","status":"publish","type":"page","link":"https:\/\/www.iberpapel.es\/en\/board-of-directors\/agatha-echevarria-canales\/","title":{"rendered":"DO\u00d1A. AGATHA ECHEVARRIA CANALES"},"content":{"rendered":"<div class=\"wpb-content-wrapper\"><p>[vc_row css_animation=&#8221;&#8221; row_type=&#8221;row&#8221; use_row_as_full_screen_section=&#8221;no&#8221; type=&#8221;full_width&#8221; angled_section=&#8221;no&#8221; text_align=&#8221;left&#8221; background_image_as_pattern=&#8221;without_pattern&#8221;][vc_column][vc_column_text css=&#8221;&#8221;]<\/p>\n<h2>PERFIL BIOGR\u00c1FICO Y ACAD\u00c9MICO<\/h2>\n<ul>\n<li>Fecha de nacimiento: 1958.<\/li>\n<li>Licenciada en Derecho y Graduada en Ciencias Empresariales (ICADE, 1981).<\/li>\n<li>Cursos de formaci\u00f3n post universitarios en el American Institute of Banking, NY, Banco de Espa\u00f1a, Escuela Diplom\u00e1tica e ICADE, Madrid.<\/li>\n<li>Pr\u00e1cticas en el BBVA, New York (1981-82).<\/li>\n<\/ul>\n<p>&nbsp;<\/p>\n<p><strong>Idiomas<\/strong><\/p>\n<ul>\n<li>Idiomas: Espa\u00f1ol, Ingl\u00e9s, Franc\u00e9s, Alem\u00e1n.<\/li>\n<\/ul>\n<h2>PUESTOS ACTUALES<\/h2>\n<ul>\n<li>Miembro del Consejo de Administraci\u00f3n de Banca March desde enero de 2019 BANCA MARCH.<\/li>\n<li>Presidenta de la comisi\u00f3n de Auditor\u00eda, miembro de la Comisi\u00f3n de Nombramientos y Sostenibilidad y miembro de la Comisi\u00f3n de Remuneraciones de dicho Consejo.<\/li>\n<li>Miembro del Consejo de Administraci\u00f3n Viscofan, S. A desde 2003. Ha sido miembro de la comisi\u00f3n de Nombramientos y Retribuciones, as\u00ed como de la Comisi\u00f3n Delegada de la entidad y vicepresidenta segunda de dicha entidad hasta 2018, fecha en la que se extingue dicha Comisi\u00f3n en aplicaci\u00f3n de buenas pr\u00e1cticas de gobernanza internacional. Actualmente es miembro de la Comisi\u00f3n de Auditor\u00eda.<\/li>\n<li>Miembro del Consejo de Administraci\u00f3n de Papelera Guipuzcoana de Zicu\u00f1aga, S.A.U. (Grupo Iberpapel) hasta Octubre de 2024.<\/li>\n<\/ul>\n<h2>TRAYECTORIA PROFESIONAL<\/h2>\n<ul>\n<li>Hasta Diciembre 2011 compagin\u00f3 su actividad en VISCOFAN con el asesoramiento estrat\u00e9gico a empresas y grupos familiares como Santillana, Aguirre Newman &#8230;<\/li>\n<li>1990 &#8211; 1999: CR\u00c9DIT COMMERCIAL DE FRANCE (CCF). Se incorpora a la filial espa\u00f1ola de banca de inversi\u00f3n de CCF, asesorando a empresas nacionales e internacionales en procesos de fusiones y adquisiciones. Posteriormente es nombrada Consejera y Directora General de CHARTERHOUSE en Espa\u00f1a, tras la adquisici\u00f3n del Banco de negocios CHARTERHOUSE, Ltd por el Grupo CCF.<\/li>\n<li>1986 &#8211; 1989: BRITISH PETROLEUM ESPA\u00d1A (BP). Se incorpora a la Secretar\u00eda General de la divisi\u00f3n de alimentaci\u00f3n del Grupo BP participando en la formaci\u00f3n del grupo de alimentaci\u00f3n de BP en Espa\u00f1a. Posteriormente, es nombrada Directora Fiscal de la divisi\u00f3n de hidrocarburos en el momento de la liberalizaci\u00f3n del sector y de la expansi\u00f3n en este \u00e1rea del Grupo BP en Espa\u00f1a.<\/li>\n<li>1983 &#8211; 1986: TOUCHE ROSS S. A. hoy DELOITTE. Se incorpora a la auditora en el departamento responsable de inversiones extrajeras en Espa\u00f1a, estructuras de societarias y fiscalidad de filiales extranjeras en Espa\u00f1a.<\/li>\n<\/ul>\n<h2>OTRAS ACTIVIDADES<\/h2>\n<ul>\n<li>Socia fundadora de D+A Documentaci\u00f3n y An\u00e1lisis S.A. posteriormente vendida al Grupo Sofres en 1998.<\/li>\n<li>Escritora de cuentos para ni\u00f1os, ha publicado un total de cuatro t\u00edtulos, obteniendo por uno de ellos el Premio Internacional de la Fundaci\u00f3n SM de Ilustraci\u00f3n 1997.<\/li>\n<\/ul>\n<p>[\/vc_column_text][vc_empty_space height=&#8221;60px&#8221;][\/vc_column][\/vc_row]<\/p>\n<\/div>","protected":false},"excerpt":{"rendered":"<p>[vc_row css_animation=&#8221;&#8221; row_type=&#8221;row&#8221; use_row_as_full_screen_section=&#8221;no&#8221; type=&#8221;full_width&#8221; angled_section=&#8221;no&#8221; text_align=&#8221;left&#8221; background_image_as_pattern=&#8221;without_pattern&#8221;][vc_column][vc_column_text css=&#8221;&#8221;] PERFIL BIOGR\u00c1FICO Y ACAD\u00c9MICO Fecha de nacimiento: 1958. Licenciada en Derecho y Graduada en Ciencias Empresariales (ICADE, 1981). Cursos de formaci\u00f3n post universitarios en el American Institute of Banking, NY, Banco de Espa\u00f1a, Escuela Diplom\u00e1tica e&#8230;<\/p>\n","protected":false},"author":2,"featured_media":0,"parent":19471,"menu_order":0,"comment_status":"closed","ping_status":"closed","template":"","meta":{"footnotes":""},"class_list":["post-21292","page","type-page","status-publish","hentry"],"_links":{"self":[{"href":"https:\/\/www.iberpapel.es\/en\/wp-json\/wp\/v2\/pages\/21292","targetHints":{"allow":["GET"]}}],"collection":[{"href":"https:\/\/www.iberpapel.es\/en\/wp-json\/wp\/v2\/pages"}],"about":[{"href":"https:\/\/www.iberpapel.es\/en\/wp-json\/wp\/v2\/types\/page"}],"author":[{"embeddable":true,"href":"https:\/\/www.iberpapel.es\/en\/wp-json\/wp\/v2\/users\/2"}],"replies":[{"embeddable":true,"href":"https:\/\/www.iberpapel.es\/en\/wp-json\/wp\/v2\/comments?post=21292"}],"version-history":[{"count":0,"href":"https:\/\/www.iberpapel.es\/en\/wp-json\/wp\/v2\/pages\/21292\/revisions"}],"up":[{"embeddable":true,"href":"https:\/\/www.iberpapel.es\/en\/wp-json\/wp\/v2\/pages\/19471"}],"wp:attachment":[{"href":"https:\/\/www.iberpapel.es\/en\/wp-json\/wp\/v2\/media?parent=21292"}],"curies":[{"name":"wp","href":"https:\/\/api.w.org\/{rel}","templated":true}]}}