{"id":21290,"date":"2024-10-01T12:19:35","date_gmt":"2024-10-01T10:19:35","guid":{"rendered":"https:\/\/www.iberpapel.es\/en\/?page_id=21290"},"modified":"2025-04-25T12:03:01","modified_gmt":"2025-04-25T10:03:01","slug":"miguel-angel-tapiador-silanes","status":"publish","type":"page","link":"https:\/\/www.iberpapel.es\/en\/board-of-directors\/miguel-angel-tapiador-silanes\/","title":{"rendered":"DON MIGUEL ANGEL TAPIADOR SILANES"},"content":{"rendered":"<div class=\"wpb-content-wrapper\"><p>[vc_row css_animation=&#8221;&#8221; row_type=&#8221;row&#8221; use_row_as_full_screen_section=&#8221;no&#8221; type=&#8221;full_width&#8221; angled_section=&#8221;no&#8221; text_align=&#8221;left&#8221; background_image_as_pattern=&#8221;without_pattern&#8221;][vc_column][vc_column_text css=&#8221;&#8221;]<\/p>\n<h2>PERFIL BIOGR\u00c1FICO Y ACAD\u00c9MICO<\/h2>\n<ul>\n<li>Nacido en 1.965.<\/li>\n<li>Licenciado en Ciencias Econ\u00f3micas (EHU\u2013UPV. Facultad de Sarriko -Bilbao).<\/li>\n<li>Postgrado universitario en Direcci\u00f3n Comercial y Marketing. (Universitat Oberta de Catalunya).<\/li>\n<li>Postgrado de especializaci\u00f3n universitaria en Gesti\u00f3n Internacional de Compras (Universidad Ram\u00f3n Llull).<\/li>\n<li>Programa de Corporate Finance (ESADE).<\/li>\n<li>Postgrado en Comercio Exterior (C\u00e1mara de Comercio de Gipuzkoa).<\/li>\n<\/ul>\n<h2>PERFIL PROFESIONAL<\/h2>\n<p><strong>Experiencia profesional<\/strong><\/p>\n<p>34 a\u00f1os de experiencia. 24,5 de ellos en el Grupo Iberpapel.<\/p>\n<ul>\n<li>Consejero delegado de Iberpapel Gesti\u00f3n S.A. desde 1 de octubre de 2024.<\/li>\n<li>Director General de \u00c1rea de Negocio del Grupo Iberpapel. Desde enero 2024.<\/li>\n<li>Director Financiero y de Aprovisionamientos, en Papelera Guipuzcoana de Zicu\u00f1aga, S.A. (Grupo Iberpapel). (15 a\u00f1os, 15 de marzo 2009 &#8211; 31 de diciembre de 2023).<\/li>\n<li>Controller de gesti\u00f3n financiera del Grupo Ingemar. (5 a\u00f1os, 15 de marzo 2004 &#8211; 15 de marzo de2009).<\/li>\n<li>Director de Papeteries de l\u00b4Atlantique (Hendaya- Francia) (Grupo Iberpapel). (9,5 a\u00f1os, 1 de julio 1994 &#8211; 15 de marzo 2004).<\/li>\n<li>Arthur Andersen Auditores (Actual Deloitte). (4,5 a\u00f1os, 1 de enero de 1990- 30 de junio de 1994).<\/li>\n<\/ul>\n<p>&nbsp;<\/p>\n<p><strong>Asociaciones<\/strong><\/p>\n<ul>\n<li>Miembro de la Junta del Cl\u00faster del Papel del Pa\u00eds Vasco.<\/li>\n<li>Miembro de la Junta de Gobierno de Baskegur (Asociaci\u00f3n de la madera de Euskadi).<\/li>\n<li>Miembro del Comit\u00e9 Forestal de ASPAPEL.<\/li>\n<\/ul>\n<p>Antiguo miembro de la Junta del Colegio Vasco de Economistas (secci\u00f3n Gipuzkoa, desde 2003 a 2022).[\/vc_column_text][vc_empty_space height=&#8221;60px&#8221;][\/vc_column][\/vc_row]<\/p>\n<\/div>","protected":false},"excerpt":{"rendered":"<p>[vc_row css_animation=&#8221;&#8221; row_type=&#8221;row&#8221; use_row_as_full_screen_section=&#8221;no&#8221; type=&#8221;full_width&#8221; angled_section=&#8221;no&#8221; text_align=&#8221;left&#8221; background_image_as_pattern=&#8221;without_pattern&#8221;][vc_column][vc_column_text css=&#8221;&#8221;] PERFIL BIOGR\u00c1FICO Y ACAD\u00c9MICO Nacido en 1.965. Licenciado en Ciencias Econ\u00f3micas (EHU\u2013UPV. Facultad de Sarriko -Bilbao). Postgrado universitario en Direcci\u00f3n Comercial y Marketing. (Universitat Oberta de Catalunya). Postgrado de especializaci\u00f3n universitaria en Gesti\u00f3n Internacional de Compras&#8230;<\/p>\n","protected":false},"author":2,"featured_media":0,"parent":19471,"menu_order":0,"comment_status":"closed","ping_status":"closed","template":"","meta":{"footnotes":""},"class_list":["post-21290","page","type-page","status-publish","hentry"],"_links":{"self":[{"href":"https:\/\/www.iberpapel.es\/en\/wp-json\/wp\/v2\/pages\/21290","targetHints":{"allow":["GET"]}}],"collection":[{"href":"https:\/\/www.iberpapel.es\/en\/wp-json\/wp\/v2\/pages"}],"about":[{"href":"https:\/\/www.iberpapel.es\/en\/wp-json\/wp\/v2\/types\/page"}],"author":[{"embeddable":true,"href":"https:\/\/www.iberpapel.es\/en\/wp-json\/wp\/v2\/users\/2"}],"replies":[{"embeddable":true,"href":"https:\/\/www.iberpapel.es\/en\/wp-json\/wp\/v2\/comments?post=21290"}],"version-history":[{"count":0,"href":"https:\/\/www.iberpapel.es\/en\/wp-json\/wp\/v2\/pages\/21290\/revisions"}],"up":[{"embeddable":true,"href":"https:\/\/www.iberpapel.es\/en\/wp-json\/wp\/v2\/pages\/19471"}],"wp:attachment":[{"href":"https:\/\/www.iberpapel.es\/en\/wp-json\/wp\/v2\/media?parent=21290"}],"curies":[{"name":"wp","href":"https:\/\/api.w.org\/{rel}","templated":true}]}}