{"id":21276,"date":"2024-09-20T12:12:07","date_gmt":"2024-09-20T10:12:07","guid":{"rendered":"https:\/\/www.iberpapel.es\/en\/?page_id=21276"},"modified":"2025-04-25T12:02:58","modified_gmt":"2025-04-25T10:02:58","slug":"don-ignacio-burutaran-usandizaga","status":"publish","type":"page","link":"https:\/\/www.iberpapel.es\/en\/board-of-directors\/don-ignacio-burutaran-usandizaga\/","title":{"rendered":"DON IGNACIO BURUTAR\u00c1N USANDIZAGA"},"content":{"rendered":"<div class=\"wpb-content-wrapper\"><p>[vc_row css_animation=&#8221;&#8221; row_type=&#8221;row&#8221; use_row_as_full_screen_section=&#8221;no&#8221; type=&#8221;full_width&#8221; angled_section=&#8221;no&#8221; text_align=&#8221;left&#8221; background_image_as_pattern=&#8221;without_pattern&#8221;][vc_column][vc_column_text css=&#8221;&#8221;]<\/p>\n<h2>PERFIL BIOGR\u00c1FICO Y ACAD\u00c9MICO<\/h2>\n<ul>\n<li>Nacido en 1964.<\/li>\n<li>Graduado en Direcci\u00f3n y Administraci\u00f3n de Empresas por la Universidad Internacional de La Rioja.<\/li>\n<li>Diplomado en Ciencias Empresariales por la Universidad del Pa\u00eds Vasco y titulado en Seguros.<\/li>\n<li>Posee un master en Liderazgo por la Universidad de la Rioja (UNIR).<\/li>\n<li>Ha cursado programa Avanzado en Consejos de Administraci\u00f3n Universidad Internacional de la Rioja 2021-2022 (UNIR).<\/li>\n<\/ul>\n<p>&nbsp;<\/p>\n<p>IDIOMAS<\/p>\n<ul>\n<li>Ingl\u00e9s, italiano y franc\u00e9s.<\/li>\n<\/ul>\n<h2>PERFIL PROFESIONAL<\/h2>\n<ul>\n<li>Dilatada experiencia profesional en el sector industrial papelero:\n<ul>\n<li class=\"p1\">Desde 1989 hasta 2014 fue director de exportaci\u00f3n en la empresa COPAIMEX, S.A.U. (Filial del grupo IBERPAPEL). Posteriormente fue director de exportaci\u00f3n de Papeteries de l \u2018 Atlantique. S.A. y de Zicuimex, S.L.<\/li>\n<\/ul>\n<\/li>\n<li>Ha ocupado diversos cargos en consejo de administraci\u00f3n del grupo IBERPAPEL:\n<ul>\n<li>Administrador de Zicupap, S.A.U. hasta 2017.<\/li>\n<li>Consejero de Inversiones Garibay S.A.<\/li>\n<li>Consejero de Ibereucaliptos, S.A.U. hasta 2015.<\/li>\n<li>Ha sido consejero y Presidente del Consejo de Administraci\u00f3n de Papelera Guipuzcoana de Zicu\u00f1aga, S.A.U. desde 2015 hasta el mes de junio de 2024.<\/li>\n<\/ul>\n<\/li>\n<li>Ha sido gerente y secretario del consejo de Administraci\u00f3n de la mercantil Footest, S.L. desde 1994 a 2000.<\/li>\n<\/ul>\n<p>[\/vc_column_text][vc_empty_space height=&#8221;60px&#8221;][\/vc_column][\/vc_row]<\/p>\n<\/div>","protected":false},"excerpt":{"rendered":"<p>[vc_row css_animation=&#8221;&#8221; row_type=&#8221;row&#8221; use_row_as_full_screen_section=&#8221;no&#8221; type=&#8221;full_width&#8221; angled_section=&#8221;no&#8221; text_align=&#8221;left&#8221; background_image_as_pattern=&#8221;without_pattern&#8221;][vc_column][vc_column_text css=&#8221;&#8221;] PERFIL BIOGR\u00c1FICO Y ACAD\u00c9MICO Nacido en 1964. Graduado en Direcci\u00f3n y Administraci\u00f3n de Empresas por la Universidad Internacional de La Rioja. Diplomado en Ciencias Empresariales por la Universidad del Pa\u00eds Vasco y titulado en Seguros. Posee&#8230;<\/p>\n","protected":false},"author":2,"featured_media":0,"parent":19471,"menu_order":0,"comment_status":"closed","ping_status":"closed","template":"","meta":{"footnotes":""},"class_list":["post-21276","page","type-page","status-publish","hentry"],"_links":{"self":[{"href":"https:\/\/www.iberpapel.es\/en\/wp-json\/wp\/v2\/pages\/21276","targetHints":{"allow":["GET"]}}],"collection":[{"href":"https:\/\/www.iberpapel.es\/en\/wp-json\/wp\/v2\/pages"}],"about":[{"href":"https:\/\/www.iberpapel.es\/en\/wp-json\/wp\/v2\/types\/page"}],"author":[{"embeddable":true,"href":"https:\/\/www.iberpapel.es\/en\/wp-json\/wp\/v2\/users\/2"}],"replies":[{"embeddable":true,"href":"https:\/\/www.iberpapel.es\/en\/wp-json\/wp\/v2\/comments?post=21276"}],"version-history":[{"count":0,"href":"https:\/\/www.iberpapel.es\/en\/wp-json\/wp\/v2\/pages\/21276\/revisions"}],"up":[{"embeddable":true,"href":"https:\/\/www.iberpapel.es\/en\/wp-json\/wp\/v2\/pages\/19471"}],"wp:attachment":[{"href":"https:\/\/www.iberpapel.es\/en\/wp-json\/wp\/v2\/media?parent=21276"}],"curies":[{"name":"wp","href":"https:\/\/api.w.org\/{rel}","templated":true}]}}