{"id":21248,"date":"2024-07-09T17:34:23","date_gmt":"2024-07-09T15:34:23","guid":{"rendered":"https:\/\/www.iberpapel.es\/en\/?page_id=21248"},"modified":"2025-04-25T12:02:58","modified_gmt":"2025-04-25T10:02:58","slug":"don-fermin-urtasun-erro","status":"publish","type":"page","link":"https:\/\/www.iberpapel.es\/en\/board-of-directors\/don-fermin-urtasun-erro\/","title":{"rendered":"DON FERM\u00cdN URTASUN ERRO"},"content":{"rendered":"<div class=\"wpb-content-wrapper\"><p>[vc_row css_animation=&#8221;&#8221; row_type=&#8221;row&#8221; use_row_as_full_screen_section=&#8221;no&#8221; type=&#8221;full_width&#8221; angled_section=&#8221;no&#8221; text_align=&#8221;left&#8221; background_image_as_pattern=&#8221;without_pattern&#8221;][vc_column][vc_column_text css=&#8221;&#8221;]<\/p>\n<h2>PERFIL BIOGR\u00c1FICO Y ACAD\u00c9MICO<\/h2>\n<ul>\n<li>Nacido el 1958.<\/li>\n<li>Es Ingeniero T\u00e9cnico Superior Industrial por la Universidad de Navarra.<\/li>\n<\/ul>\n<h2>PERFIL PROFESIONAL<\/h2>\n<ul>\n<li>Nacionalidad espa\u00f1ola.<\/li>\n<li>Su actividad profesional se centra en el desempe\u00f1o desde 1981 de diversas funciones en las instalaciones de Papelera Guipuzcoana de Zicu\u00f1aga, S.A.U. (tanto en la planta de celulosa, como en la planta de papel y en las instalaciones de cogeneraci\u00f3n y biomasa), habiendo ostentado, entre otros,<br \/>\nlos siguientes cargos:<\/p>\n<ul>\n<li>Responsable de mantenimiento.<\/li>\n<li>Director T\u00e9cnico.<\/li>\n<li>Director General Adjunto.<\/li>\n<li>Actualmente es CEO de Papelera Guipuzcoana de Zicu\u00f1aga, S.A.U. y Consejero Delegado de dicha mercantil, filial de Iberpapel Gesti\u00f3n, S.A.<\/li>\n<\/ul>\n<\/li>\n<\/ul>\n<p>[\/vc_column_text][vc_empty_space height=&#8221;60px&#8221;][\/vc_column][\/vc_row]<\/p>\n<\/div>","protected":false},"excerpt":{"rendered":"<p>[vc_row css_animation=&#8221;&#8221; row_type=&#8221;row&#8221; use_row_as_full_screen_section=&#8221;no&#8221; type=&#8221;full_width&#8221; angled_section=&#8221;no&#8221; text_align=&#8221;left&#8221; background_image_as_pattern=&#8221;without_pattern&#8221;][vc_column][vc_column_text css=&#8221;&#8221;] PERFIL BIOGR\u00c1FICO Y ACAD\u00c9MICO Nacido el 1958. Es Ingeniero T\u00e9cnico Superior Industrial por la Universidad de Navarra. PERFIL PROFESIONAL Nacionalidad espa\u00f1ola. Su actividad profesional se centra en el desempe\u00f1o desde 1981 de diversas funciones en las&#8230;<\/p>\n","protected":false},"author":2,"featured_media":0,"parent":19471,"menu_order":0,"comment_status":"closed","ping_status":"closed","template":"","meta":{"footnotes":""},"class_list":["post-21248","page","type-page","status-publish","hentry"],"_links":{"self":[{"href":"https:\/\/www.iberpapel.es\/en\/wp-json\/wp\/v2\/pages\/21248","targetHints":{"allow":["GET"]}}],"collection":[{"href":"https:\/\/www.iberpapel.es\/en\/wp-json\/wp\/v2\/pages"}],"about":[{"href":"https:\/\/www.iberpapel.es\/en\/wp-json\/wp\/v2\/types\/page"}],"author":[{"embeddable":true,"href":"https:\/\/www.iberpapel.es\/en\/wp-json\/wp\/v2\/users\/2"}],"replies":[{"embeddable":true,"href":"https:\/\/www.iberpapel.es\/en\/wp-json\/wp\/v2\/comments?post=21248"}],"version-history":[{"count":0,"href":"https:\/\/www.iberpapel.es\/en\/wp-json\/wp\/v2\/pages\/21248\/revisions"}],"up":[{"embeddable":true,"href":"https:\/\/www.iberpapel.es\/en\/wp-json\/wp\/v2\/pages\/19471"}],"wp:attachment":[{"href":"https:\/\/www.iberpapel.es\/en\/wp-json\/wp\/v2\/media?parent=21248"}],"curies":[{"name":"wp","href":"https:\/\/api.w.org\/{rel}","templated":true}]}}