{"id":20699,"date":"2023-10-02T11:19:11","date_gmt":"2023-10-02T09:19:11","guid":{"rendered":"https:\/\/www.iberpapel.es\/en\/?page_id=20699"},"modified":"2025-04-25T12:03:15","modified_gmt":"2025-04-25T10:03:15","slug":"sustainability-commission","status":"publish","type":"page","link":"https:\/\/www.iberpapel.es\/en\/sustainability-commission\/","title":{"rendered":"Sustainability Commission"},"content":{"rendered":"<div class=\"wpb-content-wrapper\"><p>[vc_row css_animation=&#8221;&#8221; row_type=&#8221;row&#8221; use_row_as_full_screen_section=&#8221;no&#8221; type=&#8221;full_width&#8221; angled_section=&#8221;no&#8221; text_align=&#8221;left&#8221; background_image_as_pattern=&#8221;without_pattern&#8221;][vc_column][vc_column_text]<\/p>\n<table class=\"tabla\" style=\"width: 80%; height: auto;\">\n<tbody>\n<tr>\n<td style=\"width: 71.2121%;\"><a title=\"Mr. Jes\u00fas Alberdi Areizaga\" href=\"https:\/\/www.iberpapel.es\/en\/board-of-directors\/jesus-alberdi-areizaga\/\">Mr. Jes\u00fas Alberdi Areizaga<\/a><\/td>\n<td style=\"width: 165.909%;\">Chairwoman<\/td>\n<\/tr>\n<tr>\n<td style=\"width: 71.2121%;\"><a title=\"Mrs. Mar\u00eda Luisa Guibert Uc\u00edn\" href=\"https:\/\/www.iberpapel.es\/en\/board-of-directors\/ma-luisa-guibert-ucin\/\">Mrs. Mar\u00eda Luisa Guibert Uc\u00edn<\/a><\/td>\n<td style=\"width: 165.909%;\">Member<\/td>\n<\/tr>\n<tr>\n<td style=\"width: 71.2121%;\"><a title=\"Mr. I\u00f1aki Mart\u00ednez Pe\u00f1alba\" href=\"https:\/\/www.iberpapel.es\/en\/board-of-directors\/inaki-martinez-penalba\/\">Mr. I\u00f1aki Mart\u00ednez Pe\u00f1alba<\/a><\/td>\n<td style=\"width: 165.909%;\">Member<\/td>\n<\/tr>\n<\/tbody>\n<\/table>\n<p>[\/vc_column_text][vc_empty_space height=&#8221;60px&#8221;][\/vc_column][\/vc_row]<\/p>\n<\/div>","protected":false},"excerpt":{"rendered":"<p>[vc_row css_animation=&#8221;&#8221; row_type=&#8221;row&#8221; use_row_as_full_screen_section=&#8221;no&#8221; type=&#8221;full_width&#8221; angled_section=&#8221;no&#8221; text_align=&#8221;left&#8221; background_image_as_pattern=&#8221;without_pattern&#8221;][vc_column][vc_column_text] Mr. Jes\u00fas Alberdi Areizaga Chairwoman Mrs. Mar\u00eda Luisa Guibert Uc\u00edn Member Mr. I\u00f1aki Mart\u00ednez Pe\u00f1alba Member [\/vc_column_text][vc_empty_space height=&#8221;60px&#8221;][\/vc_column][\/vc_row]<\/p>\n","protected":false},"author":2,"featured_media":0,"parent":0,"menu_order":0,"comment_status":"closed","ping_status":"closed","template":"","meta":{"footnotes":""},"class_list":["post-20699","page","type-page","status-publish","hentry"],"_links":{"self":[{"href":"https:\/\/www.iberpapel.es\/en\/wp-json\/wp\/v2\/pages\/20699","targetHints":{"allow":["GET"]}}],"collection":[{"href":"https:\/\/www.iberpapel.es\/en\/wp-json\/wp\/v2\/pages"}],"about":[{"href":"https:\/\/www.iberpapel.es\/en\/wp-json\/wp\/v2\/types\/page"}],"author":[{"embeddable":true,"href":"https:\/\/www.iberpapel.es\/en\/wp-json\/wp\/v2\/users\/2"}],"replies":[{"embeddable":true,"href":"https:\/\/www.iberpapel.es\/en\/wp-json\/wp\/v2\/comments?post=20699"}],"version-history":[{"count":0,"href":"https:\/\/www.iberpapel.es\/en\/wp-json\/wp\/v2\/pages\/20699\/revisions"}],"wp:attachment":[{"href":"https:\/\/www.iberpapel.es\/en\/wp-json\/wp\/v2\/media?parent=20699"}],"curies":[{"name":"wp","href":"https:\/\/api.w.org\/{rel}","templated":true}]}}