{"id":20697,"date":"2023-10-02T11:11:36","date_gmt":"2023-10-02T09:11:36","guid":{"rendered":"https:\/\/www.iberpapel.es\/en\/?page_id=20697"},"modified":"2025-04-25T12:03:08","modified_gmt":"2025-04-25T10:03:08","slug":"investment-commission","status":"publish","type":"page","link":"https:\/\/www.iberpapel.es\/en\/investment-commission\/","title":{"rendered":"Investment commission"},"content":{"rendered":"<div class=\"wpb-content-wrapper\"><p>[vc_row css_animation=&#8221;&#8221; row_type=&#8221;row&#8221; use_row_as_full_screen_section=&#8221;no&#8221; type=&#8221;full_width&#8221; angled_section=&#8221;no&#8221; text_align=&#8221;left&#8221; background_image_as_pattern=&#8221;without_pattern&#8221;][vc_column][vc_column_text css=&#8221;&#8221;]<\/p>\n<table class=\"tabla\" style=\"width: 80%; height: 96px;\">\n<tbody>\n<tr style=\"height: 24px;\">\n<td style=\"width: 71.2121%; height: 24px;\"><a href=\"https:\/\/www.iberpapel.es\/en\/board-of-directors\/don-fermin-urtasun-erro\/\">Mr. Ferm\u00edn Urtasun Erro<\/a><\/td>\n<td style=\"width: 165.909%; height: 24px;\">President<\/td>\n<\/tr>\n<tr style=\"height: 24px;\">\n<td style=\"width: 71.2121%; height: 24px;\"><a title=\"Mr. Nestor Basterrra Larroude\" href=\"https:\/\/www.iberpapel.es\/en\/board-of-directors\/nestor-basterra-larroude\/\">Mr. Nestor Basterrra Larroude<\/a><\/td>\n<td style=\"width: 165.909%; height: 24px;\">Vocal<\/td>\n<\/tr>\n<tr style=\"height: 24px;\">\n<td style=\"width: 71.2121%; height: 24px;\"><a title=\"Mrs. Rosa Mar\u00eda Sanz Garc\u00eda\" role=\"link\" href=\"https:\/\/www.iberpapel.es\/en\/board-of-directors\/rosa-maria-sanz-garcia\/\">Mrs. Rosa Mar\u00eda Sanz Garc\u00eda<\/a><\/td>\n<td style=\"width: 165.909%; height: 24px;\">Vocal<\/td>\n<\/tr>\n<tr style=\"height: 24px;\">\n<td style=\"width: 71.2121%; height: 24px;\"><a href=\"https:\/\/www.iberpapel.es\/en\/board-of-directors\/agatha-echevarria-canales\/\">Mrs. Agatha Echevarr\u00eda Canales<\/a><\/td>\n<td style=\"width: 165.909%; height: 24px;\">Vocal<\/td>\n<\/tr>\n<\/tbody>\n<\/table>\n<p>[\/vc_column_text][vc_empty_space height=&#8221;60px&#8221;][\/vc_column][\/vc_row]<\/p>\n<\/div>","protected":false},"excerpt":{"rendered":"<p>[vc_row css_animation=&#8221;&#8221; row_type=&#8221;row&#8221; use_row_as_full_screen_section=&#8221;no&#8221; type=&#8221;full_width&#8221; angled_section=&#8221;no&#8221; text_align=&#8221;left&#8221; background_image_as_pattern=&#8221;without_pattern&#8221;][vc_column][vc_column_text css=&#8221;&#8221;] Mr. Ferm\u00edn Urtasun Erro President Mr. Nestor Basterrra Larroude Vocal Mrs. Rosa Mar\u00eda Sanz Garc\u00eda Vocal Mrs. Agatha Echevarr\u00eda Canales Vocal [\/vc_column_text][vc_empty_space height=&#8221;60px&#8221;][\/vc_column][\/vc_row]<\/p>\n","protected":false},"author":2,"featured_media":0,"parent":0,"menu_order":0,"comment_status":"closed","ping_status":"closed","template":"","meta":{"footnotes":""},"class_list":["post-20697","page","type-page","status-publish","hentry"],"_links":{"self":[{"href":"https:\/\/www.iberpapel.es\/en\/wp-json\/wp\/v2\/pages\/20697","targetHints":{"allow":["GET"]}}],"collection":[{"href":"https:\/\/www.iberpapel.es\/en\/wp-json\/wp\/v2\/pages"}],"about":[{"href":"https:\/\/www.iberpapel.es\/en\/wp-json\/wp\/v2\/types\/page"}],"author":[{"embeddable":true,"href":"https:\/\/www.iberpapel.es\/en\/wp-json\/wp\/v2\/users\/2"}],"replies":[{"embeddable":true,"href":"https:\/\/www.iberpapel.es\/en\/wp-json\/wp\/v2\/comments?post=20697"}],"version-history":[{"count":0,"href":"https:\/\/www.iberpapel.es\/en\/wp-json\/wp\/v2\/pages\/20697\/revisions"}],"wp:attachment":[{"href":"https:\/\/www.iberpapel.es\/en\/wp-json\/wp\/v2\/media?parent=20697"}],"curies":[{"name":"wp","href":"https:\/\/api.w.org\/{rel}","templated":true}]}}