{"id":20460,"date":"2022-10-17T12:15:59","date_gmt":"2022-10-17T10:15:59","guid":{"rendered":"https:\/\/www.iberpapel.es\/en\/?page_id=20460"},"modified":"2025-04-25T12:03:02","modified_gmt":"2025-04-25T10:03:02","slug":"dona-maria-jose-garcia-beato","status":"publish","type":"page","link":"https:\/\/www.iberpapel.es\/en\/board-of-directors\/dona-maria-jose-garcia-beato\/","title":{"rendered":"DO\u00d1A MAR\u00cdA JOS\u00c9 GARC\u00cdA BEATO"},"content":{"rendered":"<div class=\"wpb-content-wrapper\"><p>[vc_row css_animation=&#8221;&#8221; row_type=&#8221;row&#8221; use_row_as_full_screen_section=&#8221;no&#8221; type=&#8221;full_width&#8221; angled_section=&#8221;no&#8221; text_align=&#8221;left&#8221; background_image_as_pattern=&#8221;without_pattern&#8221;][vc_column][vc_column_text css=&#8221;&#8221;]<\/p>\n<h2>PERFIL BIOGR\u00c1FICO Y ACAD\u00c9MICO<\/h2>\n<ul>\n<li>Nacida en 1965.<\/li>\n<li>Nacionalidad espa\u00f1ola.<\/li>\n<li>Es Abogada del Estado, Licenciada en Derecho y Diplomada en Criminolog\u00eda.<\/li>\n<\/ul>\n<h2>PUESTOS ACTUALES<\/h2>\n<ul>\n<li>Consejera Externa de Banco de Sabadell, S.A.<\/li>\n<li>Secretaria del Consejo de Sabadell Consumer Finance, S.A.<\/li>\n<li>Consejera de MdF Family Partners, S.A.<\/li>\n<li>Patrona de la Fundaci\u00f3n Banco Sabadell.<\/li>\n<li>Patrona de la Fundaci\u00f3n Asociaci\u00f3n Espa\u00f1ola de Banca.<\/li>\n<li>Miembro del Consejo Asesor de la Fundaci\u00f3n Cajasur.<\/li>\n<\/ul>\n<h2>TRAYECTORIA PROFESIONAL<\/h2>\n<ul>\n<li>2018-2021. Banco Sabadell. Consejera ejecutiva.<\/li>\n<li>2012-2021. Banco Sabadell. Vicesecretaria del consejo de administracio\u0301n.<\/li>\n<li>2008\u20132021. Banco Sabadell. Secretaria General y miembro del Comite\u0301 de Direccio\u0301n con la responsabilidad sobre los departamentos de Asesori\u0301a Juri\u0301dica, Cumplimiento Normativo, Comunicacio\u0301n y Relaciones Institucionales, Sostenibilidad y Gobierno Corporativo.<\/li>\n<li>2005-2008. Banco Sabadell. Directora de la Asesori\u0301a Juri\u0301dica.<\/li>\n<li>2004-2005. Audiencia Nacional. Abogada del Estado en el Servicio Juri\u0301dico ante la Audiencia Nacional.<\/li>\n<li>2002-2004. Ministerio de Justicia. Subsecretaria.<\/li>\n<li>2000-2002. Ministerio de Justicia. Directora General del Gabinete del Ministro.<\/li>\n<li>1999-2000. Ministerio de Fomento. Abogada del Estado de la Secretaria General de Comunicaciones del Ministerio de Fomento.<\/li>\n<li>1998-2000. Ministerio de Justicia. Abogada del Estado en la Subdireccio\u0301n de los Servicios Consultivos de la Direccio\u0301n del Servicio Juri\u0301dico del Estado.<\/li>\n<li>1995-1998. Agencia de Proteccio\u0301n de Datos. Jefa del Gabinete Juri\u0301dico de la Agencia de Proteccio\u0301n de Datos.<\/li>\n<li>1992-1995. Tribunal Superior de Justicia de Madrid. Abogada del Estado en el Tribunal Superior de Justicia de Madrid.<\/li>\n<li>1991-1992. Abogada del Estado de Soria y La Rioja.<\/li>\n<\/ul>\n<h2>OTROS CARGOS DESEMPEN\u0303ADOS<\/h2>\n<ul>\n<li>Consejera independiente de Red Ele\u0301ctrica Corporacio\u0301n (2012-2021).<\/li>\n<li>Consejera de Sabadell United Bank (Miami) (2016-2017).<\/li>\n<li>Secretaria del consejo de administracio\u0301n de Sabadell United Bank (Miami) (2010-2016).<\/li>\n<li>Secretaria del Patronato de la Fundacio\u0301n d eEstudios de Economi\u0301a Aplicada (FEDEA) (2007-2016).<\/li>\n<li>Consejera de Banco Gallego (2013-2014).<\/li>\n<li>Consejera de Banco CAM (2012).<\/li>\n<li>Consejera de Banco Guipuzcoano (2010-2012).<\/li>\n<li>Secretaria del consejo de administracio\u0301n Banco Urquijo Sabadell Banca Privada (2006-2012).<\/li>\n<li>Consejera de la Sociedad Estatal para Exposiciones Internacionales (2002-2004).<\/li>\n<li>Consejera de la Sociedad Estatal Correos y Tele\u0301grafos (2002-2004).<\/li>\n<li>Consejera de INFOINVEST (2000-2002).<\/li>\n<li>Consejera de la Sociedad Estatal de Gestio\u0301n Inmobiliaria de Patrimonio (2003-2004).<\/li>\n<li>Secretaria del consejo de administracio\u0301n de RETEVISION (2000).<\/li>\n<li>Asesora del consejo de administracio\u0301n de la Fa\u0301brica Nacional de Moneda y Timbre para el proyecto CERES (Certificacio\u0301n Espan\u0303ola de Transacciones Electro\u0301nicas) (1997-1999).<\/li>\n<li>Representante espan\u0303ola en el Comite\u0301 Consultivo del Consejo de Europa en materia de proteccio\u0301n de datos (1995-1998).<\/li>\n<\/ul>\n<p>[\/vc_column_text][vc_empty_space height=&#8221;60px&#8221;][\/vc_column][\/vc_row]<\/p>\n<\/div>","protected":false},"excerpt":{"rendered":"<p>[vc_row css_animation=&#8221;&#8221; row_type=&#8221;row&#8221; use_row_as_full_screen_section=&#8221;no&#8221; type=&#8221;full_width&#8221; angled_section=&#8221;no&#8221; text_align=&#8221;left&#8221; background_image_as_pattern=&#8221;without_pattern&#8221;][vc_column][vc_column_text css=&#8221;&#8221;] PERFIL BIOGR\u00c1FICO Y ACAD\u00c9MICO Nacida en 1965. Nacionalidad espa\u00f1ola. Es Abogada del Estado, Licenciada en Derecho y Diplomada en Criminolog\u00eda. PUESTOS ACTUALES Consejera Externa de Banco de Sabadell, S.A. Secretaria del Consejo de Sabadell Consumer Finance,&#8230;<\/p>\n","protected":false},"author":2,"featured_media":0,"parent":19471,"menu_order":0,"comment_status":"closed","ping_status":"closed","template":"","meta":{"footnotes":""},"class_list":["post-20460","page","type-page","status-publish","hentry"],"_links":{"self":[{"href":"https:\/\/www.iberpapel.es\/en\/wp-json\/wp\/v2\/pages\/20460","targetHints":{"allow":["GET"]}}],"collection":[{"href":"https:\/\/www.iberpapel.es\/en\/wp-json\/wp\/v2\/pages"}],"about":[{"href":"https:\/\/www.iberpapel.es\/en\/wp-json\/wp\/v2\/types\/page"}],"author":[{"embeddable":true,"href":"https:\/\/www.iberpapel.es\/en\/wp-json\/wp\/v2\/users\/2"}],"replies":[{"embeddable":true,"href":"https:\/\/www.iberpapel.es\/en\/wp-json\/wp\/v2\/comments?post=20460"}],"version-history":[{"count":0,"href":"https:\/\/www.iberpapel.es\/en\/wp-json\/wp\/v2\/pages\/20460\/revisions"}],"up":[{"embeddable":true,"href":"https:\/\/www.iberpapel.es\/en\/wp-json\/wp\/v2\/pages\/19471"}],"wp:attachment":[{"href":"https:\/\/www.iberpapel.es\/en\/wp-json\/wp\/v2\/media?parent=20460"}],"curies":[{"name":"wp","href":"https:\/\/api.w.org\/{rel}","templated":true}]}}