{"id":19495,"date":"2021-04-17T01:12:17","date_gmt":"2021-04-16T23:12:17","guid":{"rendered":"https:\/\/www.iberpapel.es\/?page_id=19495"},"modified":"2025-04-25T12:02:57","modified_gmt":"2025-04-25T10:02:57","slug":"audit-committee","status":"publish","type":"page","link":"https:\/\/www.iberpapel.es\/en\/audit-committee\/","title":{"rendered":"Audit Committee"},"content":{"rendered":"<div class=\"wpb-content-wrapper\"><p>[vc_row css_animation=&#8221;&#8221; row_type=&#8221;row&#8221; use_row_as_full_screen_section=&#8221;no&#8221; type=&#8221;full_width&#8221; angled_section=&#8221;no&#8221; text_align=&#8221;left&#8221; background_image_as_pattern=&#8221;without_pattern&#8221;][vc_column][vc_column_text]<\/p>\n<table class=\"tabla\" style=\"width: 80%; height: 96px;\">\n<tbody>\n<tr style=\"height: 24px;\">\n<td style=\"width: 71.2121%; height: 24px;\"><a title=\"Mrs. Rosa Mar\u00eda Sanz Garc\u00eda\" role=\"link\" href=\"https:\/\/www.iberpapel.es\/en\/board-of-directors\/rosa-maria-sanz-garcia\/\">Mrs. Rosa Mar\u00eda Sanz Garc\u00eda<\/a><\/td>\n<td style=\"width: 165.909%; height: 24px;\">Chairwoman<\/td>\n<\/tr>\n<tr style=\"height: 24px;\">\n<td style=\"width: 71.2121%; height: 24px;\"><a title=\"Mr. I\u00f1aki Mart\u00ednez Pe\u00f1alba\" href=\"\/en\/board-of-directors\/inaki-martinez-penalba\/\">Mr. I\u00f1aki Mart\u00ednez Pe\u00f1alba<\/a><\/td>\n<td style=\"width: 165.909%; height: 24px;\">Member<\/td>\n<\/tr>\n<tr style=\"height: 24px;\">\n<td style=\"width: 71.2121%; height: 24px;\"><a title=\"Mrs. Mar\u00eda Jos\u00e9 Garc\u00eda Beato\" href=\"https:\/\/www.iberpapel.es\/en\/board-of-directors\/dona-maria-jose-garcia-beato\/\">Mrs. Mar\u00eda Jos\u00e9 Garc\u00eda Beato<\/a><\/td>\n<td style=\"width: 165.909%; height: 24px;\">Member<\/td>\n<\/tr>\n<\/tbody>\n<\/table>\n<p>[\/vc_column_text][vc_empty_space height=&#8221;60px&#8221;][\/vc_column][\/vc_row]<\/p>\n<\/div>","protected":false},"excerpt":{"rendered":"<p>[vc_row css_animation=&#8221;&#8221; row_type=&#8221;row&#8221; use_row_as_full_screen_section=&#8221;no&#8221; type=&#8221;full_width&#8221; angled_section=&#8221;no&#8221; text_align=&#8221;left&#8221; background_image_as_pattern=&#8221;without_pattern&#8221;][vc_column][vc_column_text] Mrs. Rosa Mar\u00eda Sanz Garc\u00eda Chairwoman Mr. I\u00f1aki Mart\u00ednez Pe\u00f1alba Member Mrs. Mar\u00eda Jos\u00e9 Garc\u00eda Beato Member [\/vc_column_text][vc_empty_space height=&#8221;60px&#8221;][\/vc_column][\/vc_row]<\/p>\n","protected":false},"author":1,"featured_media":0,"parent":0,"menu_order":0,"comment_status":"closed","ping_status":"closed","template":"","meta":{"footnotes":""},"class_list":["post-19495","page","type-page","status-publish","hentry"],"_links":{"self":[{"href":"https:\/\/www.iberpapel.es\/en\/wp-json\/wp\/v2\/pages\/19495","targetHints":{"allow":["GET"]}}],"collection":[{"href":"https:\/\/www.iberpapel.es\/en\/wp-json\/wp\/v2\/pages"}],"about":[{"href":"https:\/\/www.iberpapel.es\/en\/wp-json\/wp\/v2\/types\/page"}],"author":[{"embeddable":true,"href":"https:\/\/www.iberpapel.es\/en\/wp-json\/wp\/v2\/users\/1"}],"replies":[{"embeddable":true,"href":"https:\/\/www.iberpapel.es\/en\/wp-json\/wp\/v2\/comments?post=19495"}],"version-history":[{"count":0,"href":"https:\/\/www.iberpapel.es\/en\/wp-json\/wp\/v2\/pages\/19495\/revisions"}],"wp:attachment":[{"href":"https:\/\/www.iberpapel.es\/en\/wp-json\/wp\/v2\/media?parent=19495"}],"curies":[{"name":"wp","href":"https:\/\/api.w.org\/{rel}","templated":true}]}}