{"id":19490,"date":"2021-04-17T01:04:49","date_gmt":"2021-04-16T23:04:49","guid":{"rendered":"https:\/\/www.iberpapel.es\/?page_id=19490"},"modified":"2025-04-25T12:03:03","modified_gmt":"2025-04-25T10:03:03","slug":"rosa-maria-sanz-garcia","status":"publish","type":"page","link":"https:\/\/www.iberpapel.es\/en\/board-of-directors\/rosa-maria-sanz-garcia\/","title":{"rendered":"DO\u00d1A ROSA MAR\u00cdA SANZ GARC\u00cdA"},"content":{"rendered":"<div class=\"wpb-content-wrapper\"><p>[vc_row css_animation=&#8221;&#8221; row_type=&#8221;row&#8221; use_row_as_full_screen_section=&#8221;no&#8221; type=&#8221;full_width&#8221; angled_section=&#8221;no&#8221; text_align=&#8221;left&#8221; background_image_as_pattern=&#8221;without_pattern&#8221;][vc_column][vc_column_text css=&#8221;&#8221;]<\/p>\n<h2>PERFIL BIOGR\u00c1FICO Y ACAD\u00c9MICO<\/h2>\n<ul>\n<li>Nacida en 1969.<\/li>\n<li>Es Ingeniero Superior Industrial por la Universidad Polit\u00e9cnica de Madrid, Master Business Senior Executive<br \/>\npor ESADE, Master Global CEO por IESE y Master OBS en ciberseguridad.<\/li>\n<\/ul>\n<h2>PERFIL PROFESIONAL<\/h2>\n<ul>\n<li>En la actualidad es consejera independiente en diferentes compa\u00f1\u00edas en Europa.\n<ul>\n<li>Consejera independiente, vocal de la Comisi\u00f3n de Auditor\u00eda y presidente de la Comisi\u00f3n de<br \/>\nMercados en EIRGRID (Irlanda), empresa operadora del sistema de transporte de electricidad de<br \/>\nla Rep\u00fablica de Irlanda y del sistema de interconexi\u00f3n con Gran Breta\u00f1a.<\/li>\n<li>Consejera independiente y presidenta de la Comisi\u00f3n de Auditor\u00eda de IBERPAPEL, empresa<br \/>\ncotizada espa\u00f1ola posicionada en el mercado europeo de papel de impresi\u00f3n y escritura.<\/li>\n<li>Consejera independiente, presidenta de la Comisi\u00f3n de Auditor\u00eda de EDP Redes, compa\u00f1\u00eda de<br \/>\ndistribuci\u00f3n de electricidad del holding portugu\u00e9s EDP.<\/li>\n<li>Consejera independiente de ZeroWaste Energy, empresa dedicada soluciones energ\u00e9ticas para<br \/>\nla generaci\u00f3n de energ\u00eda sostenible y el tratamiento eficiente de residuos.<\/li>\n<\/ul>\n<\/li>\n<li>Ha desarrollado su carrera profesional en el sector de la energ\u00eda en compa\u00f1\u00edas de referencia como<br \/>\nRedeia, OMEL y Naturgy. En esta \u00faltima, entre 2015 y 2020 fue Directora General y COO, miembro del<br \/>\nComit\u00e9 de Direcci\u00f3n y miembro de consejos de participadas internacionales. Cuenta con una amplia<br \/>\nexperiencia en negocio internacional con foco en trading, tecnolog\u00eda e innovaci\u00f3n, fusiones y<br \/>\nadquisiciones y gobierno corporativo y sostenibilidad.<\/li>\n<li>Ex directora general responsable de las \u00e1reas de sistemas de informaci\u00f3n, ciberseguridad e innovaci\u00f3n<br \/>\nen empresa de IBEX35 durante 5 a\u00f1os.<\/li>\n<\/ul>\n<p>[\/vc_column_text][vc_empty_space height=&#8221;60px&#8221;][\/vc_column][\/vc_row]<\/p>\n<\/div>","protected":false},"excerpt":{"rendered":"<p>[vc_row css_animation=&#8221;&#8221; row_type=&#8221;row&#8221; use_row_as_full_screen_section=&#8221;no&#8221; type=&#8221;full_width&#8221; angled_section=&#8221;no&#8221; text_align=&#8221;left&#8221; background_image_as_pattern=&#8221;without_pattern&#8221;][vc_column][vc_column_text css=&#8221;&#8221;] PERFIL BIOGR\u00c1FICO Y ACAD\u00c9MICO Nacida en 1969. Es Ingeniero Superior Industrial por la Universidad Polit\u00e9cnica de Madrid, Master Business Senior Executive por ESADE, Master Global CEO por IESE y Master OBS en ciberseguridad. PERFIL PROFESIONAL En&#8230;<\/p>\n","protected":false},"author":1,"featured_media":0,"parent":19471,"menu_order":0,"comment_status":"closed","ping_status":"closed","template":"","meta":{"footnotes":""},"class_list":["post-19490","page","type-page","status-publish","hentry"],"_links":{"self":[{"href":"https:\/\/www.iberpapel.es\/en\/wp-json\/wp\/v2\/pages\/19490","targetHints":{"allow":["GET"]}}],"collection":[{"href":"https:\/\/www.iberpapel.es\/en\/wp-json\/wp\/v2\/pages"}],"about":[{"href":"https:\/\/www.iberpapel.es\/en\/wp-json\/wp\/v2\/types\/page"}],"author":[{"embeddable":true,"href":"https:\/\/www.iberpapel.es\/en\/wp-json\/wp\/v2\/users\/1"}],"replies":[{"embeddable":true,"href":"https:\/\/www.iberpapel.es\/en\/wp-json\/wp\/v2\/comments?post=19490"}],"version-history":[{"count":0,"href":"https:\/\/www.iberpapel.es\/en\/wp-json\/wp\/v2\/pages\/19490\/revisions"}],"up":[{"embeddable":true,"href":"https:\/\/www.iberpapel.es\/en\/wp-json\/wp\/v2\/pages\/19471"}],"wp:attachment":[{"href":"https:\/\/www.iberpapel.es\/en\/wp-json\/wp\/v2\/media?parent=19490"}],"curies":[{"name":"wp","href":"https:\/\/api.w.org\/{rel}","templated":true}]}}