{"id":19488,"date":"2021-04-17T01:03:54","date_gmt":"2021-04-16T23:03:54","guid":{"rendered":"https:\/\/www.iberpapel.es\/?page_id=19488"},"modified":"2025-04-25T12:02:59","modified_gmt":"2025-04-25T10:02:59","slug":"inaki-martinez-penalba","status":"publish","type":"page","link":"https:\/\/www.iberpapel.es\/en\/board-of-directors\/inaki-martinez-penalba\/","title":{"rendered":"DON I\u00d1AKI MARTINEZ PE\u00d1ALBA"},"content":{"rendered":"<div class=\"wpb-content-wrapper\"><p>[vc_row css_animation=&#8221;&#8221; row_type=&#8221;row&#8221; use_row_as_full_screen_section=&#8221;no&#8221; type=&#8221;full_width&#8221; angled_section=&#8221;no&#8221; text_align=&#8221;left&#8221; background_image_as_pattern=&#8221;without_pattern&#8221;][vc_column][vc_column_text css=&#8221;&#8221;]<\/p>\n<h2>PERFIL BIOGR\u00c1FICO Y ACAD\u00c9MICO<\/h2>\n<ul>\n<li>Nacido en 1967.<\/li>\n<li>Licenciado en Direcci\u00f3n y Administraci\u00f3n de Empresas 1985 \u2013 1990 Universidad de Deusto (ESTE).<\/li>\n<\/ul>\n<p>&nbsp;<\/p>\n<p>Especialidad Financiera.<\/p>\n<ul>\n<li>Master en Mercados Financieros Internacionales 1992 -1993 New York University.<\/li>\n<li>Diplomado en Estudios Cooperativos por el Instituto de Estudios Cooperativos en la Universidad de Deusto. 1990.<\/li>\n<\/ul>\n<h2>PERFIL PROFESIONAL<\/h2>\n<ul>\n<li>Gerente de Equilan Mobiliario S.L.<\/li>\n<li>Ha sido Presidente de la Federaci\u00f3n Mercantil de Guip\u00fazcoa.<\/li>\n<li>Miembro del Comit\u00e9 Ejecutivo de la C\u00e1mara de Comercio de Guip\u00fazcoa.<\/li>\n<li>Ha sido Gerente de Marpe Decoraci\u00f3n, S.L.<\/li>\n<li>Ha sido Consejero de Papelera Guipuzcoana de Zicu\u00f1aga, S.A.<\/li>\n<li>En DECATHLON, ocup\u00f3 distintos cargos de responsabilidad, llegando a ser nombrado Director de Expansi\u00f3n Regi\u00f3n Norte, Gerente en San Sebasti\u00e1n y Director Financiero.<\/li>\n<li>En BANESTO BANKING CORP. (Nueva York), ha sido miembro de la Comisi\u00f3n de Nuevos Productos Financieros Pasivos para la Banca Privada.<\/li>\n<li>En MORGAN BRYANT MARKETIN LTD (Londres), Gestor de la Financiaci\u00f3n de Operaciones de Venta a clientes extracomunitarios.<\/li>\n<\/ul>\n<p>[\/vc_column_text][vc_empty_space height=&#8221;60px&#8221;][\/vc_column][\/vc_row]<\/p>\n<\/div>","protected":false},"excerpt":{"rendered":"<p>[vc_row css_animation=&#8221;&#8221; row_type=&#8221;row&#8221; use_row_as_full_screen_section=&#8221;no&#8221; type=&#8221;full_width&#8221; angled_section=&#8221;no&#8221; text_align=&#8221;left&#8221; background_image_as_pattern=&#8221;without_pattern&#8221;][vc_column][vc_column_text css=&#8221;&#8221;] PERFIL BIOGR\u00c1FICO Y ACAD\u00c9MICO Nacido en 1967. Licenciado en Direcci\u00f3n y Administraci\u00f3n de Empresas 1985 \u2013 1990 Universidad de Deusto (ESTE). &nbsp; Especialidad Financiera. Master en Mercados Financieros Internacionales 1992 -1993 New York University. Diplomado en&#8230;<\/p>\n","protected":false},"author":1,"featured_media":0,"parent":19471,"menu_order":0,"comment_status":"closed","ping_status":"closed","template":"","meta":{"footnotes":""},"class_list":["post-19488","page","type-page","status-publish","hentry"],"_links":{"self":[{"href":"https:\/\/www.iberpapel.es\/en\/wp-json\/wp\/v2\/pages\/19488","targetHints":{"allow":["GET"]}}],"collection":[{"href":"https:\/\/www.iberpapel.es\/en\/wp-json\/wp\/v2\/pages"}],"about":[{"href":"https:\/\/www.iberpapel.es\/en\/wp-json\/wp\/v2\/types\/page"}],"author":[{"embeddable":true,"href":"https:\/\/www.iberpapel.es\/en\/wp-json\/wp\/v2\/users\/1"}],"replies":[{"embeddable":true,"href":"https:\/\/www.iberpapel.es\/en\/wp-json\/wp\/v2\/comments?post=19488"}],"version-history":[{"count":0,"href":"https:\/\/www.iberpapel.es\/en\/wp-json\/wp\/v2\/pages\/19488\/revisions"}],"up":[{"embeddable":true,"href":"https:\/\/www.iberpapel.es\/en\/wp-json\/wp\/v2\/pages\/19471"}],"wp:attachment":[{"href":"https:\/\/www.iberpapel.es\/en\/wp-json\/wp\/v2\/media?parent=19488"}],"curies":[{"name":"wp","href":"https:\/\/api.w.org\/{rel}","templated":true}]}}