{"id":19486,"date":"2021-04-17T01:02:51","date_gmt":"2021-04-16T23:02:51","guid":{"rendered":"https:\/\/www.iberpapel.es\/?page_id=19486"},"modified":"2025-04-25T12:03:02","modified_gmt":"2025-04-25T10:03:02","slug":"ma-luisa-guibert-ucin","status":"publish","type":"page","link":"https:\/\/www.iberpapel.es\/en\/board-of-directors\/ma-luisa-guibert-ucin\/","title":{"rendered":"DO\u00d1A MAR\u00cdA LUISA GUIBERT UC\u00cdN"},"content":{"rendered":"<div class=\"wpb-content-wrapper\"><p>[vc_row css_animation=&#8221;&#8221; row_type=&#8221;row&#8221; use_row_as_full_screen_section=&#8221;no&#8221; type=&#8221;full_width&#8221; angled_section=&#8221;no&#8221; text_align=&#8221;left&#8221; background_image_as_pattern=&#8221;without_pattern&#8221;][vc_column][vc_column_text css=&#8221;&#8221;]<\/p>\n<h2>PERFIL BIOGR\u00c1FICO Y ACAD\u00c9MICO<\/h2>\n<ul>\n<li>Nacida en 1.958.<\/li>\n<li>Licenciada en Derecho y Graduada en Ciencias Empresariales por ICADE.<\/li>\n<\/ul>\n<h2>PERFIL PROFESIONAL<\/h2>\n<ul>\n<li>Presidente de Algeposa Gesti\u00f3n Portuaria, S.L.<\/li>\n<li>Presidente, vicepresidente y consejera de Empresas participadas por Algeposa. Empresas dedicadas a la<br \/>\nlog\u00edstica portuaria y ferroviaria. Consejera de Rugui Steel, S.L.<\/li>\n<li>Consejera de Accesorios de Tuber\u00eda S.A. (ATUSA).<\/li>\n<li>Consejera de Antiguo Berri, S.L. y Riberas del Urumea, S.L.<\/li>\n<li>Consejera Externa de Iberpapel Gesti\u00f3n, S.A.<\/li>\n<li>Consejera independiente de Corporaci\u00f3n Financiera Alba, S.A.<\/li>\n<li>Vicepresidente de Fundaci\u00f3n Mat\u00eda.<\/li>\n<li>Patrona del Aquarium de San Sebasti\u00e1n.<\/li>\n<li>Patrona de Fundaci\u00f3n Nazaret.<\/li>\n<li>Miembro del comit\u00e9 de Direcci\u00f3n de la AEFAME (Asociaci\u00f3n de la empresa familiar de Euskadi).<\/li>\n<li>Miembro del comit\u00e9 de Direcci\u00f3n del C\u00edrculo de Empresarios del Pa\u00eds Vasco.<\/li>\n<li>Miembro del Consejo Estrat\u00e9gico de la asociaci\u00f3n Centro Tecnol\u00f3gico CEIT.<\/li>\n<li>Ex -Vicepresidente 1\u00aa de la C\u00e1mara de Comercio de Gipuzkoa.<\/li>\n<li>Ex \u2013 Miembro del Consejo de Administraci\u00f3n del Puerto de Pasaia.<\/li>\n<\/ul>\n<p>[\/vc_column_text][vc_empty_space height=&#8221;60px&#8221;][\/vc_column][\/vc_row]<\/p>\n<\/div>","protected":false},"excerpt":{"rendered":"<p>[vc_row css_animation=&#8221;&#8221; row_type=&#8221;row&#8221; use_row_as_full_screen_section=&#8221;no&#8221; type=&#8221;full_width&#8221; angled_section=&#8221;no&#8221; text_align=&#8221;left&#8221; background_image_as_pattern=&#8221;without_pattern&#8221;][vc_column][vc_column_text css=&#8221;&#8221;] PERFIL BIOGR\u00c1FICO Y ACAD\u00c9MICO Nacida en 1.958. Licenciada en Derecho y Graduada en Ciencias Empresariales por ICADE. PERFIL PROFESIONAL Presidente de Algeposa Gesti\u00f3n Portuaria, S.L. Presidente, vicepresidente y consejera de Empresas participadas por Algeposa. Empresas dedicadas&#8230;<\/p>\n","protected":false},"author":1,"featured_media":0,"parent":19471,"menu_order":0,"comment_status":"closed","ping_status":"closed","template":"","meta":{"footnotes":""},"class_list":["post-19486","page","type-page","status-publish","hentry"],"_links":{"self":[{"href":"https:\/\/www.iberpapel.es\/en\/wp-json\/wp\/v2\/pages\/19486","targetHints":{"allow":["GET"]}}],"collection":[{"href":"https:\/\/www.iberpapel.es\/en\/wp-json\/wp\/v2\/pages"}],"about":[{"href":"https:\/\/www.iberpapel.es\/en\/wp-json\/wp\/v2\/types\/page"}],"author":[{"embeddable":true,"href":"https:\/\/www.iberpapel.es\/en\/wp-json\/wp\/v2\/users\/1"}],"replies":[{"embeddable":true,"href":"https:\/\/www.iberpapel.es\/en\/wp-json\/wp\/v2\/comments?post=19486"}],"version-history":[{"count":0,"href":"https:\/\/www.iberpapel.es\/en\/wp-json\/wp\/v2\/pages\/19486\/revisions"}],"up":[{"embeddable":true,"href":"https:\/\/www.iberpapel.es\/en\/wp-json\/wp\/v2\/pages\/19471"}],"wp:attachment":[{"href":"https:\/\/www.iberpapel.es\/en\/wp-json\/wp\/v2\/media?parent=19486"}],"curies":[{"name":"wp","href":"https:\/\/api.w.org\/{rel}","templated":true}]}}