{"id":19484,"date":"2021-04-17T01:01:24","date_gmt":"2021-04-16T23:01:24","guid":{"rendered":"https:\/\/www.iberpapel.es\/?page_id=19484"},"modified":"2025-04-25T12:03:01","modified_gmt":"2025-04-25T10:03:01","slug":"martin-gonzalez-del-valle","status":"publish","type":"page","link":"https:\/\/www.iberpapel.es\/en\/board-of-directors\/martin-gonzalez-del-valle\/","title":{"rendered":"DON MART\u00cdN GONZ\u00c1LEZ DEL VALLE CHAVARRI"},"content":{"rendered":"<div class=\"wpb-content-wrapper\"><p>[vc_row css_animation=&#8221;&#8221; row_type=&#8221;row&#8221; use_row_as_full_screen_section=&#8221;no&#8221; type=&#8221;full_width&#8221; angled_section=&#8221;no&#8221; text_align=&#8221;left&#8221; background_image_as_pattern=&#8221;without_pattern&#8221;][vc_column][vc_column_text css=&#8221;&#8221;]<\/p>\n<h2>PERFIL BIOGR\u00c1FICO Y ACAD\u00c9MICO<\/h2>\n<ul>\n<li>Nacido el 10 de Junio de 1957.<\/li>\n<li>Licenciado en Derecho en C.C.E.E, en la Fundaci\u00f3n Universitaria San Pablo CEU y MBA por el INSEAD- Fontainebleau<br \/>\nen 1984.<\/li>\n<\/ul>\n<h2>PERFIL PROFESIONAL<\/h2>\n<ul>\n<li>Durante su trayectoria profesional como inversor, ha fundado Realza Capital SGECR, S.A.<\/li>\n<\/ul>\n<p>&nbsp;<\/p>\n<p>Ha tenido, entre otras responsabilidades, las siguientes:<\/p>\n<ul>\n<li>Consejero Delegado y socio en Espa\u00f1a de INVESTINDUSTRIAL PARTNERS SPAIN, S.A.<\/li>\n<li>Director General adjunto de Cr\u00e9dit Agricole Indosuez y responsable del \u00e1rea de Corporate Finance.<\/li>\n<li>Director Senior en Mercapital, S.A.<\/li>\n<li>Presidente de la Ingenier\u00eda ESINDUS, S.A.<\/li>\n<li>Consejero de Hamon&amp;Compagnie.<\/li>\n<li>Consejero de Socelec S.A., entre otras responsabilidades.<\/li>\n<\/ul>\n<p>&nbsp;<\/p>\n<p>Actualmente tiene las siguientes:<\/p>\n<ul>\n<li>Consejero de Litograf\u00eda Alavesa, S.L.<\/li>\n<li>Consejero de Global Thessalia, S.L.<\/li>\n<li>Vicepresidente de Millstream, S.L.<\/li>\n<li>Vicepresidente de Turris Panem, S.L.<\/li>\n<li>Consejero de Harlem Investments, S.L.<\/li>\n<li>Consejero de Mr. Wonderful Comunication, S.L.<\/li>\n<li>Consejero Delegado de Realza Capital.<\/li>\n<\/ul>\n<p>[\/vc_column_text][vc_empty_space height=&#8221;60px&#8221;][\/vc_column][\/vc_row]<\/p>\n<\/div>","protected":false},"excerpt":{"rendered":"<p>[vc_row css_animation=&#8221;&#8221; row_type=&#8221;row&#8221; use_row_as_full_screen_section=&#8221;no&#8221; type=&#8221;full_width&#8221; angled_section=&#8221;no&#8221; text_align=&#8221;left&#8221; background_image_as_pattern=&#8221;without_pattern&#8221;][vc_column][vc_column_text css=&#8221;&#8221;] PERFIL BIOGR\u00c1FICO Y ACAD\u00c9MICO Nacido el 10 de Junio de 1957. Licenciado en Derecho en C.C.E.E, en la Fundaci\u00f3n Universitaria San Pablo CEU y MBA por el INSEAD- Fontainebleau en 1984. PERFIL PROFESIONAL Durante su trayectoria&#8230;<\/p>\n","protected":false},"author":1,"featured_media":0,"parent":19471,"menu_order":0,"comment_status":"closed","ping_status":"closed","template":"","meta":{"footnotes":""},"class_list":["post-19484","page","type-page","status-publish","hentry"],"_links":{"self":[{"href":"https:\/\/www.iberpapel.es\/en\/wp-json\/wp\/v2\/pages\/19484","targetHints":{"allow":["GET"]}}],"collection":[{"href":"https:\/\/www.iberpapel.es\/en\/wp-json\/wp\/v2\/pages"}],"about":[{"href":"https:\/\/www.iberpapel.es\/en\/wp-json\/wp\/v2\/types\/page"}],"author":[{"embeddable":true,"href":"https:\/\/www.iberpapel.es\/en\/wp-json\/wp\/v2\/users\/1"}],"replies":[{"embeddable":true,"href":"https:\/\/www.iberpapel.es\/en\/wp-json\/wp\/v2\/comments?post=19484"}],"version-history":[{"count":0,"href":"https:\/\/www.iberpapel.es\/en\/wp-json\/wp\/v2\/pages\/19484\/revisions"}],"up":[{"embeddable":true,"href":"https:\/\/www.iberpapel.es\/en\/wp-json\/wp\/v2\/pages\/19471"}],"wp:attachment":[{"href":"https:\/\/www.iberpapel.es\/en\/wp-json\/wp\/v2\/media?parent=19484"}],"curies":[{"name":"wp","href":"https:\/\/api.w.org\/{rel}","templated":true}]}}