{"id":19480,"date":"2021-04-17T00:58:20","date_gmt":"2021-04-16T22:58:20","guid":{"rendered":"https:\/\/www.iberpapel.es\/?page_id=19480"},"modified":"2025-04-25T12:03:00","modified_gmt":"2025-04-25T10:03:00","slug":"jesus-alberdi-areizaga","status":"publish","type":"page","link":"https:\/\/www.iberpapel.es\/en\/board-of-directors\/jesus-alberdi-areizaga\/","title":{"rendered":"DON JES\u00daS ALBERDI AREIZAGA"},"content":{"rendered":"<div class=\"wpb-content-wrapper\"><p>[vc_row css_animation=&#8221;&#8221; row_type=&#8221;row&#8221; use_row_as_full_screen_section=&#8221;no&#8221; type=&#8221;full_width&#8221; angled_section=&#8221;no&#8221; text_align=&#8221;left&#8221; background_image_as_pattern=&#8221;without_pattern&#8221;][vc_column][vc_column_text css=&#8221;&#8221;]<\/p>\n<h2>PERFIL BIOGR\u00c1FICO Y ACAD\u00c9MICO<\/h2>\n<ul>\n<li>Nacido en 1948.<\/li>\n<li>Licenciado en Ciencias Econ\u00f3micas y Empresariales por la Universidad de Deusto (ESTE).<\/li>\n<\/ul>\n<h2>PERFIL PROFESIONAL<\/h2>\n<ul>\n<li>Comenz\u00f3 su vida profesional en 1973 en Patricio Echeverr\u00eda, S.A. y posteriormente, hasta finales de 1976,<br \/>\nocup\u00f3 la Direcci\u00f3n Financiera de Danona, S.COOP.<\/li>\n<li>Particip\u00f3 en 1977 en la fundaci\u00f3n de ADEGI y fue Secretario General de ADEGI (Asociaci\u00f3n de<br \/>\nEmpresarios de Gipuzkoa) desde Enero de 1978 hasta mediados de 1983.<\/li>\n<li>Fue Director General de la S.P.R.I., S.A., Sociedad para la Promoci\u00f3n y Reconversi\u00f3n Industrial del Pa\u00eds<br \/>\nVasco (1983-1987).<\/li>\n<li>Presidente de la Sociedad de Capital Riesgo del Pa\u00eds Vasco (1984-1987).<\/li>\n<li>Posteriormente ocup\u00f3 la Direcci\u00f3n General de BANKOA, Banco Industrial de Gipuzkoa (1987-1988).<\/li>\n<li>Consejero Delegado-Director General de ELKARGI, S.G.R. (Sociedad de Garant\u00eda Rec\u00edproca) 1988 \u2013 2013.<\/li>\n<li>Miembro del Consejo de Gobierno de la Universidad de Deusto. (1999-2023).<\/li>\n<li>Consejero del Instituto Vasco de Competitividad-Orkestra(2006-2023).<\/li>\n<li>Miembro del Patronato de la Fundaci\u00f3n Policl\u00ednica Gipuzkoa. (2006-2020).<\/li>\n<li>Miembro del Patronato de la Fundaci\u00f3n Joxe Mari Kortan Bidetik.<\/li>\n<li>Miembro del Patronato de la Fundaci\u00f3n Hurkoa.<\/li>\n<li>Amigo de N\u00famero de la Real Sociedad Bascongada de Amigos del Pa\u00eds.<\/li>\n<li>Ha sido Vicepresidente y miembro del Consejo de A.P.D.-Norte. (Asociaci\u00f3n para el Progreso de la<br \/>\nDirecci\u00f3n) (2006-2013).<\/li>\n<li>Ha sido miembro del Patronato y del Consejo del CEIT \u2013Centro de Estudios e Investigaciones T\u00e9cnicas de<br \/>\nGipuzkoa (1987-2013).<\/li>\n<li>Fue uno de los fundadores de Etorpensi\u00f3n, E.P.S.V. y miembro de su Junta Directiva hasta junio del 2013.<\/li>\n<li>Fue nombrado consejero de IBERPAPEL el d\u00eda 22 de mayo de 2014 (en enero de dicho a\u00f1o fue nombrado<br \/>\npor cooptaci\u00f3n), es Presidente de la Comisi\u00f3n de Sostenibilidad as\u00ed como vocal de la Comisi\u00f3n de<br \/>\nNombramientos y Retribuciones de IBERPAPEL GESTION, S.A.<\/li>\n<\/ul>\n<p>[\/vc_column_text][vc_empty_space height=&#8221;60px&#8221;][\/vc_column][\/vc_row]<\/p>\n<\/div>","protected":false},"excerpt":{"rendered":"<p>[vc_row css_animation=&#8221;&#8221; row_type=&#8221;row&#8221; use_row_as_full_screen_section=&#8221;no&#8221; type=&#8221;full_width&#8221; angled_section=&#8221;no&#8221; text_align=&#8221;left&#8221; background_image_as_pattern=&#8221;without_pattern&#8221;][vc_column][vc_column_text css=&#8221;&#8221;] PERFIL BIOGR\u00c1FICO Y ACAD\u00c9MICO Nacido en 1948. Licenciado en Ciencias Econ\u00f3micas y Empresariales por la Universidad de Deusto (ESTE). PERFIL PROFESIONAL Comenz\u00f3 su vida profesional en 1973 en Patricio Echeverr\u00eda, S.A. y posteriormente, hasta finales de&#8230;<\/p>\n","protected":false},"author":1,"featured_media":0,"parent":19471,"menu_order":0,"comment_status":"closed","ping_status":"closed","template":"","meta":{"footnotes":""},"class_list":["post-19480","page","type-page","status-publish","hentry"],"_links":{"self":[{"href":"https:\/\/www.iberpapel.es\/en\/wp-json\/wp\/v2\/pages\/19480","targetHints":{"allow":["GET"]}}],"collection":[{"href":"https:\/\/www.iberpapel.es\/en\/wp-json\/wp\/v2\/pages"}],"about":[{"href":"https:\/\/www.iberpapel.es\/en\/wp-json\/wp\/v2\/types\/page"}],"author":[{"embeddable":true,"href":"https:\/\/www.iberpapel.es\/en\/wp-json\/wp\/v2\/users\/1"}],"replies":[{"embeddable":true,"href":"https:\/\/www.iberpapel.es\/en\/wp-json\/wp\/v2\/comments?post=19480"}],"version-history":[{"count":0,"href":"https:\/\/www.iberpapel.es\/en\/wp-json\/wp\/v2\/pages\/19480\/revisions"}],"up":[{"embeddable":true,"href":"https:\/\/www.iberpapel.es\/en\/wp-json\/wp\/v2\/pages\/19471"}],"wp:attachment":[{"href":"https:\/\/www.iberpapel.es\/en\/wp-json\/wp\/v2\/media?parent=19480"}],"curies":[{"name":"wp","href":"https:\/\/api.w.org\/{rel}","templated":true}]}}