{"id":19476,"date":"2021-04-17T00:56:37","date_gmt":"2021-04-16T22:56:37","guid":{"rendered":"https:\/\/www.iberpapel.es\/?page_id=19476"},"modified":"2025-04-25T12:03:02","modified_gmt":"2025-04-25T10:03:02","slug":"nestor-basterra-larroude","status":"publish","type":"page","link":"https:\/\/www.iberpapel.es\/en\/board-of-directors\/nestor-basterra-larroude\/","title":{"rendered":"DON NESTOR BASTERRA LARROUDE"},"content":{"rendered":"<div class=\"wpb-content-wrapper\"><p>[vc_row css_animation=&#8221;&#8221; row_type=&#8221;row&#8221; use_row_as_full_screen_section=&#8221;no&#8221; type=&#8221;full_width&#8221; angled_section=&#8221;no&#8221; text_align=&#8221;left&#8221; background_image_as_pattern=&#8221;without_pattern&#8221;][vc_column][vc_column_text css=&#8221;&#8221;]<\/p>\n<h2>PERFIL BIOGR\u00c1FICO Y ACAD\u00c9MICO<\/h2>\n<ul>\n<li>Natural de Bilbao, nacido el 10 de abril de 1958.<\/li>\n<li>Formaci\u00f3n Acad\u00e9mica: Licenciado en Derecho y Diplomado en Econom\u00eda por la Universidad de Deusto. MBA.<br \/>\npor el IESE.<\/li>\n<\/ul>\n<h2>PERFIL PROFESIONAL<\/h2>\n<p>Ha tenido, entre otras responsabilidades, las siguientes:<\/p>\n<ul>\n<li>Responsable del Departamento de Grandes Empresas en el Banco Santander Central Hispano.<\/li>\n<li>Responsable de Banca Corporativa y Mercado de Capitales en Bank of America.<\/li>\n<li>Vicepresidente de Viscofan, S.A.<\/li>\n<\/ul>\n<p>&nbsp;<\/p>\n<p>Actualmente tiene las siguientes:<\/p>\n<ul>\n<li>Consejero de Amistra SGC S.A.<\/li>\n<li>Consejero de Amistra SGC S.A.<\/li>\n<li>Administrador Solidario de Tebama, S.L.<\/li>\n<li>Consejero de Familyinvest, S.L.<\/li>\n<li>Vicepresidente de Iberpapel Gesti\u00f3n, S.A.<\/li>\n<li>Miembro de la Comisi\u00f3n de responsabilidad Social Corporativa de Iberpapel Gesti\u00f3n, S.A.<\/li>\n<\/ul>\n<p>[\/vc_column_text][vc_empty_space height=&#8221;60px&#8221;][\/vc_column][\/vc_row]<\/p>\n<\/div>","protected":false},"excerpt":{"rendered":"<p>[vc_row css_animation=&#8221;&#8221; row_type=&#8221;row&#8221; use_row_as_full_screen_section=&#8221;no&#8221; type=&#8221;full_width&#8221; angled_section=&#8221;no&#8221; text_align=&#8221;left&#8221; background_image_as_pattern=&#8221;without_pattern&#8221;][vc_column][vc_column_text css=&#8221;&#8221;] PERFIL BIOGR\u00c1FICO Y ACAD\u00c9MICO Natural de Bilbao, nacido el 10 de abril de 1958. Formaci\u00f3n Acad\u00e9mica: Licenciado en Derecho y Diplomado en Econom\u00eda por la Universidad de Deusto. MBA. por el IESE. PERFIL PROFESIONAL Ha tenido,&#8230;<\/p>\n","protected":false},"author":1,"featured_media":0,"parent":19471,"menu_order":0,"comment_status":"closed","ping_status":"closed","template":"","meta":{"footnotes":""},"class_list":["post-19476","page","type-page","status-publish","hentry"],"_links":{"self":[{"href":"https:\/\/www.iberpapel.es\/en\/wp-json\/wp\/v2\/pages\/19476","targetHints":{"allow":["GET"]}}],"collection":[{"href":"https:\/\/www.iberpapel.es\/en\/wp-json\/wp\/v2\/pages"}],"about":[{"href":"https:\/\/www.iberpapel.es\/en\/wp-json\/wp\/v2\/types\/page"}],"author":[{"embeddable":true,"href":"https:\/\/www.iberpapel.es\/en\/wp-json\/wp\/v2\/users\/1"}],"replies":[{"embeddable":true,"href":"https:\/\/www.iberpapel.es\/en\/wp-json\/wp\/v2\/comments?post=19476"}],"version-history":[{"count":0,"href":"https:\/\/www.iberpapel.es\/en\/wp-json\/wp\/v2\/pages\/19476\/revisions"}],"up":[{"embeddable":true,"href":"https:\/\/www.iberpapel.es\/en\/wp-json\/wp\/v2\/pages\/19471"}],"wp:attachment":[{"href":"https:\/\/www.iberpapel.es\/en\/wp-json\/wp\/v2\/media?parent=19476"}],"curies":[{"name":"wp","href":"https:\/\/api.w.org\/{rel}","templated":true}]}}