{"id":19471,"date":"2021-04-17T00:54:09","date_gmt":"2021-04-16T22:54:09","guid":{"rendered":"https:\/\/www.iberpapel.es\/?page_id=19471"},"modified":"2025-11-14T20:11:19","modified_gmt":"2025-11-14T19:11:19","slug":"board-of-directors","status":"publish","type":"page","link":"https:\/\/www.iberpapel.es\/en\/board-of-directors\/","title":{"rendered":"Board of Directors"},"content":{"rendered":"<div class=\"wpb-content-wrapper\"><p>[vc_row css_animation=&#8221;&#8221; row_type=&#8221;row&#8221; use_row_as_full_screen_section=&#8221;no&#8221; type=&#8221;full_width&#8221; angled_section=&#8221;no&#8221; text_align=&#8221;left&#8221; background_image_as_pattern=&#8221;without_pattern&#8221; z_index=&#8221;&#8221;][vc_column][vc_column_text css=&#8221;&#8221;]<\/p>\n<table style=\"width: 100%; height: 315px;\">\n<thead>\n<tr>\n<th>First name y Last name<\/th>\n<th>Position<\/th>\n<th>First appointed<\/th>\n<th>Last appointed<\/th>\n<th>Category of director<\/th>\n<th>% Total <sup>(*)<\/sup><\/th>\n<\/tr>\n<\/thead>\n<tbody>\n<tr>\n<td data-titulo=\"Name Full\"><a href=\"\/en\/consejo-de-administracion\/martin-gonzalez-del-valle\/\">Gonz\u00e1lez del Valle Ch\u00e1varri, Mart\u00edn Mar\u00eda<\/a><\/td>\n<td data-titulo=\"Position\">Non-Executive Chairman<\/td>\n<td data-titulo=\"First appointed\">22-02-2005<\/td>\n<td data-titulo=\"Last appointed\">30-05-2023<\/td>\n<td data-titulo=\"Category of director\">Others external<\/td>\n<td data-titulo=\"Total\">0,11<\/td>\n<\/tr>\n<tr>\n<td data-titulo=\"Name Full\"><a href=\"\/en\/consejo-de-administracion\/nestor-basterra-larroude\/\">Basterra Larroude, N\u00e9stor<\/a><\/td>\n<td data-titulo=\"Position\">Vice-chairman<\/td>\n<td data-titulo=\"First appointed\">21-10-1997<\/td>\n<td data-titulo=\"Last appointed\">30-05-2023<\/td>\n<td data-titulo=\"Category of director\">Others external<\/td>\n<td data-titulo=\"Total\">1,44<\/td>\n<\/tr>\n<tr>\n<td data-titulo=\"Name Full\"><a href=\"https:\/\/www.iberpapel.es\/en\/board-of-directors\/miguel-angel-tapiador-silanes\/\">Tapiador Silanes, Miguel Angel<\/a><\/td>\n<td data-titulo=\"Position\">Chief Executive Officer<\/td>\n<td data-titulo=\"First appointed\">30-09-2024<\/td>\n<td data-titulo=\"Last appointed\">0-09-2024<\/td>\n<td data-titulo=\"Category of director\">Executive<\/td>\n<td data-titulo=\"Total\">0,02<\/td>\n<\/tr>\n<tr>\n<td data-titulo=\"Name Full\"><a href=\"\/en\/consejo-de-administracion\/jesus-alberdi-areizaga\/\">Alberdi Areizaga, Jes\u00fas<\/a><\/td>\n<td data-titulo=\"Position\">Counselor Coordinator<\/td>\n<td data-titulo=\"First appointed\">02-01-2014<\/td>\n<td data-titulo=\"Last appointed\">28-05-2024<\/td>\n<td data-titulo=\"Category of director\">Independent<\/td>\n<td data-titulo=\"Total\">0,01<\/td>\n<\/tr>\n<tr>\n<td data-titulo=\"Name Full\"><a href=\"https:\/\/www.iberpapel.es\/en\/board-of-directors\/don-ignacio-burutaran-usandizaga\/\">Burutar\u00e1n\u00a0Usandizaga, Ignacio<\/a><\/td>\n<td data-titulo=\"Position\">Vocal<\/td>\n<td data-titulo=\"First appointed\">25-06-2024<\/td>\n<td data-titulo=\"Last appointed\">25-06-2024<\/td>\n<td data-titulo=\"Category of director\">Independent<\/td>\n<td data-titulo=\"Total\">0,99<\/td>\n<\/tr>\n<tr>\n<td data-titulo=\"Name Full\"><a href=\"\/en\/consejo-de-administracion\/ma-luisa-guibert-ucin\/\">Guibert Uc\u00edn, Mar\u00eda Luisa<\/a><\/td>\n<td data-titulo=\"Position\">Vocal<\/td>\n<td data-titulo=\"First appointed\">01-01-2010<\/td>\n<td data-titulo=\"Last appointed\">28-05-2024<\/td>\n<td data-titulo=\"Category of director\">Others external<\/td>\n<td data-titulo=\"Total\">0,01<\/td>\n<\/tr>\n<tr>\n<td data-titulo=\"Name Full\"><a href=\"\/en\/consejo-de-administracion\/inaki-martinez-penalba\/\">Mart\u00ednez Pe\u00f1alba, I\u00f1aki<\/a><\/td>\n<td data-titulo=\"Position\">Vocal<\/td>\n<td data-titulo=\"First appointed\">22-09-2011<\/td>\n<td data-titulo=\"Last appointed\">27-04-2022<\/td>\n<td data-titulo=\"Category of director\">Others external<\/td>\n<td data-titulo=\"Total\">0,15<\/td>\n<\/tr>\n<tr>\n<td data-titulo=\"Name Full\"><a href=\"\/en\/consejo-de-administracion\/rosa-maria-sanz-garcia\/\">Sanz Garc\u00eda, Rosa Mar\u00eda<\/a><\/td>\n<td data-titulo=\"Position\">Vocal<\/td>\n<td data-titulo=\"First appointed\">23-06-2020<\/td>\n<td data-titulo=\"Last appointed\">28-05-2024<\/td>\n<td data-titulo=\"Category of director\">Independent<\/td>\n<td data-titulo=\"Total\">0,00<\/td>\n<\/tr>\n<tr>\n<td data-titulo=\"Name Full\"><a href=\"\/en\/board-of-directors\/don-fermin-urtasun-erro\/\">Urtasun Erro, Ferm\u00edn<\/a><\/td>\n<td data-titulo=\"Position\">Vocal<\/td>\n<td data-titulo=\"First appointed\">25-02-2021<\/td>\n<td data-titulo=\"Last appointed\">25-04-2025<\/td>\n<td data-titulo=\"Category of director\">Others external<\/td>\n<td data-titulo=\"Total\">0,04<\/td>\n<\/tr>\n<tr>\n<td data-titulo=\"Name Full\"><a href=\"https:\/\/www.iberpapel.es\/en\/board-of-directors\/dona-maria-jose-garcia-beato\/\">Garc\u00eda Beato, Mar\u00eda Jos\u00e9<\/a><\/td>\n<td data-titulo=\"Position\">Vocal<\/td>\n<td data-titulo=\"First appointed\">28-04-2022<\/td>\n<td data-titulo=\"Last appointed\">28-04-2022<\/td>\n<td data-titulo=\"Category of director\">Independent<\/td>\n<td data-titulo=\"Total\">0,00<\/td>\n<\/tr>\n<tr>\n<td data-titulo=\"Name Full\"><a href=\"https:\/\/www.iberpapel.es\/en\/board-of-directors\/agatha-echevarria-canales\/\">Echevarr\u00eda Canales, Agatha<\/a><\/td>\n<td data-titulo=\"Position\">Vocal<\/td>\n<td data-titulo=\"First appointed\">30-09-2024<\/td>\n<td data-titulo=\"Last appointed\">30-09-2024<\/td>\n<td data-titulo=\"Category of director\">Independent<\/td>\n<td data-titulo=\"Total\">2,00<\/td>\n<\/tr>\n<tr>\n<td data-titulo=\"Name Full\"><a href=\"https:\/\/www.iberpapel.es\/en\/board-of-directors\/don-alvaro-de-ybarra-zubiria\/\">De Ybarra Zubir\u00eda, \u00c1lvaro<\/a><\/td>\n<td data-titulo=\"Position\">Vocal<\/td>\n<td data-titulo=\"First appointed\">24-04-2025<\/td>\n<td data-titulo=\"Last appointed\">24-04-2025<\/td>\n<td data-titulo=\"Category of director\">Dominical<\/td>\n<td data-titulo=\"Total\">(7.84% held by Onchena SLU)<\/td>\n<\/tr>\n<\/tbody>\n<\/table>\n<p>[\/vc_column_text][\/vc_column][\/vc_row][vc_row css_animation=&#8221;&#8221; row_type=&#8221;row&#8221; use_row_as_full_screen_section=&#8221;no&#8221; type=&#8221;full_width&#8221; angled_section=&#8221;no&#8221; text_align=&#8221;left&#8221; background_image_as_pattern=&#8221;without_pattern&#8221;][vc_column][vc_empty_space height=&#8221;40px&#8221;][vc_column_text]Each of the directors has held office uninterruptedly since the date of first appointment indicated in the table above.<\/p>\n<p><sup>(*) <\/sup>This information corresponds to the percentage of participation in society notified by the Director.[\/vc_column_text][\/vc_column][\/vc_row][vc_row css_animation=&#8221;&#8221; row_type=&#8221;row&#8221; use_row_as_full_screen_section=&#8221;no&#8221; type=&#8221;full_width&#8221; angled_section=&#8221;no&#8221; text_align=&#8221;left&#8221; background_image_as_pattern=&#8221;without_pattern&#8221;][vc_column][vc_empty_space height=&#8221;60px&#8221;][\/vc_column][\/vc_row]<\/p>\n<\/div>","protected":false},"excerpt":{"rendered":"<p>[vc_row css_animation=&#8221;&#8221; row_type=&#8221;row&#8221; use_row_as_full_screen_section=&#8221;no&#8221; type=&#8221;full_width&#8221; angled_section=&#8221;no&#8221; text_align=&#8221;left&#8221; background_image_as_pattern=&#8221;without_pattern&#8221; z_index=&#8221;&#8221;][vc_column][vc_column_text css=&#8221;&#8221;] First name y Last name Position First appointed Last appointed Category of director % Total (*) Gonz\u00e1lez del Valle Ch\u00e1varri, Mart\u00edn Mar\u00eda Non-Executive Chairman 22-02-2005 30-05-2023 Others external 0,11 Basterra Larroude, N\u00e9stor Vice-chairman 21-10-1997 30-05-2023&#8230;<\/p>\n","protected":false},"author":1,"featured_media":0,"parent":0,"menu_order":0,"comment_status":"closed","ping_status":"closed","template":"","meta":{"footnotes":""},"class_list":["post-19471","page","type-page","status-publish","hentry"],"_links":{"self":[{"href":"https:\/\/www.iberpapel.es\/en\/wp-json\/wp\/v2\/pages\/19471","targetHints":{"allow":["GET"]}}],"collection":[{"href":"https:\/\/www.iberpapel.es\/en\/wp-json\/wp\/v2\/pages"}],"about":[{"href":"https:\/\/www.iberpapel.es\/en\/wp-json\/wp\/v2\/types\/page"}],"author":[{"embeddable":true,"href":"https:\/\/www.iberpapel.es\/en\/wp-json\/wp\/v2\/users\/1"}],"replies":[{"embeddable":true,"href":"https:\/\/www.iberpapel.es\/en\/wp-json\/wp\/v2\/comments?post=19471"}],"version-history":[{"count":0,"href":"https:\/\/www.iberpapel.es\/en\/wp-json\/wp\/v2\/pages\/19471\/revisions"}],"wp:attachment":[{"href":"https:\/\/www.iberpapel.es\/en\/wp-json\/wp\/v2\/media?parent=19471"}],"curies":[{"name":"wp","href":"https:\/\/api.w.org\/{rel}","templated":true}]}}